{"id":54,"date":"2021-04-14T09:29:11","date_gmt":"2021-04-14T09:29:11","guid":{"rendered":"https:\/\/galabau-fleischer.de\/?page_id=54"},"modified":"2021-07-23T17:55:01","modified_gmt":"2021-07-23T17:55:01","slug":"umsetzung","status":"publish","type":"page","link":"https:\/\/galabau-fleischer.de\/?page_id=54","title":{"rendered":"Umsetzung"},"content":{"rendered":"<div data-colibri-id=\"54-c8\" class=\"style-250 style-local-54-c8 position-relative\">\n  <!---->\n  <div data-colibri-component=\"section\" data-colibri-id=\"54-c9\" id=\"about\" class=\"h-section h-section-global-spacing d-flex align-items-lg-center align-items-md-center align-items-center style-257 style-local-54-c9 position-relative\">\n    <!---->\n    <!---->\n    <div class=\"h-section-grid-container h-section-boxed-container\">\n      <!---->\n      <div data-colibri-id=\"54-c10\" class=\"h-row-container gutters-row-lg-0 gutters-row-md-0 gutters-row-0 gutters-row-v-lg-0 gutters-row-v-md-0 gutters-row-v-0 style-258 style-local-54-c10 position-relative\">\n        <!---->\n        <div class=\"h-row justify-content-lg-center justify-content-md-center justify-content-center align-items-lg-stretch align-items-md-stretch align-items-stretch gutters-col-lg-0 gutters-col-md-0 gutters-col-0 gutters-col-v-lg-0 gutters-col-v-md-0 gutters-col-v-0\">\n          <!---->\n          <div class=\"h-column h-column-container d-flex h-col-lg-auto h-col-md-auto h-col-auto style-259-outer style-local-54-c11-outer\">\n            <div data-colibri-id=\"54-c11\" class=\"d-flex h-flex-basis h-column__inner h-px-lg-0 h-px-md-0 h-px-0 v-inner-lg-0 v-inner-md-0 v-inner-0 style-259 style-local-54-c11 position-relative\">\n              <!---->\n              <!---->\n              <div class=\"w-100 h-y-container h-column__content h-column__v-align flex-basis-100 align-self-lg-start align-self-md-start align-self-start\">\n                <!---->\n                <div data-colibri-id=\"54-c12\" class=\"h-global-transition-all h-heading style-261 style-local-54-c12 position-relative h-element\">\n                  <!---->\n                  <div class=\"h-heading__outer style-261 style-local-54-c12\">\n                    <!---->\n                    <!---->\n                    <h2 class=\"\">Ausf\u00fchrung<\/h2>\n                  <\/div>\n                <\/div>\n                <div data-colibri-id=\"54-c13\" class=\"h-text h-text-component style-262 style-local-54-c13 position-relative h-element\">\n                  <!---->\n                  <!---->\n                  <div class=\"\">\n                    <ul>\n                      <li>Erdarbeiten verschiedener Arten<\/li>\n                      <li>Abbrucharbeiten<\/li>\n                      <li>Entw\u00e4sserungsarbeiten (Zisternenversetzung usw.)\n                        <br>\n                      <\/li>\n                      <li>Wege und Terrassenbau<\/li>\n                      <li>Pflasterarbeiten verschiedener Arten (Parkpl\u00e4tze, H\u00f6fe usw.)<\/li>\n                      <li>Natursteinarbeiten<\/li>\n                      <li>Sichtschutz- und Drahtz\u00e4une<\/li>\n                      <li>Poolbau und Teichanlagen<\/li>\n                      <li>Pflanzarbeiten verschiedener Arten<\/li>\n                      <li>Rollrasenverlegung<\/li>\n                    <\/ul>\n                  <\/div>\n                <\/div>\n              <\/div>\n            <\/div>\n          <\/div>\n          <div class=\"h-column h-column-container d-flex h-col-lg-auto h-col-md-auto h-col-auto style-263-outer style-local-54-c14-outer\">\n            <div data-colibri-id=\"54-c14\" class=\"d-flex h-flex-basis h-column__inner h-ui-empty-state-container h-px-lg-2 h-px-md-2 h-px-2 v-inner-lg-2 v-inner-md-2 v-inner-2 style-263 style-local-54-c14 position-relative\">\n              <!---->\n              <!---->\n              <div class=\"w-100 h-y-container h-column__content h-column__v-align flex-basis-100\">\n                <!---->\n              <\/div>\n            <\/div>\n          <\/div>\n        <\/div>\n      <\/div>\n    <\/div>\n  <\/div>\n<\/div>","protected":false},"excerpt":{"rendered":"<p>Ausf\u00fchrung Erdarbeiten verschiedener Arten Abbrucharbeiten Entw\u00e4sserungsarbeiten (Zisternenversetzung usw.) Wege und Terrassenbau Pflasterarbeiten verschiedener Arten (Parkpl\u00e4tze, H\u00f6fe usw.) Natursteinarbeiten Sichtschutz- und Drahtz\u00e4une Poolbau und Teichanlagen Pflanzarbeiten verschiedener Arten Rollrasenverlegung<\/p>\n","protected":false},"author":1,"featured_media":0,"parent":0,"menu_order":0,"comment_status":"closed","ping_status":"closed","template":"page-templates\/full-width-page.php","meta":{"footnotes":""},"class_list":["post-54","page","type-page","status-publish","hentry"],"yoast_head":"<!-- This site is optimized with the Yoast SEO plugin v27.3 - https:\/\/yoast.com\/product\/yoast-seo-wordpress\/ -->\n<title>Umsetzung - Gero Fleischer Garten- und Landschaftsbau<\/title>\n<meta name=\"robots\" content=\"index, follow, max-snippet:-1, max-image-preview:large, max-video-preview:-1\" \/>\n<link rel=\"canonical\" href=\"https:\/\/galabau-fleischer.de\/?page_id=54\" \/>\n<meta property=\"og:locale\" content=\"de_DE\" \/>\n<meta property=\"og:type\" content=\"article\" \/>\n<meta property=\"og:title\" content=\"Umsetzung - Gero Fleischer Garten- und Landschaftsbau\" \/>\n<meta property=\"og:description\" content=\"Ausf\u00fchrung Erdarbeiten verschiedener Arten Abbrucharbeiten Entw\u00e4sserungsarbeiten (Zisternenversetzung usw.) Wege und Terrassenbau Pflasterarbeiten verschiedener Arten (Parkpl\u00e4tze, H\u00f6fe usw.) Natursteinarbeiten Sichtschutz- und Drahtz\u00e4une Poolbau und Teichanlagen Pflanzarbeiten verschiedener Arten Rollrasenverlegung\" \/>\n<meta property=\"og:url\" content=\"https:\/\/galabau-fleischer.de\/?page_id=54\" \/>\n<meta property=\"og:site_name\" content=\"Gero Fleischer Garten- und Landschaftsbau\" \/>\n<meta property=\"article:modified_time\" content=\"2021-07-23T17:55:01+00:00\" \/>\n<meta name=\"twitter:card\" content=\"summary_large_image\" \/>\n<meta name=\"twitter:label1\" content=\"Gesch\u00e4tzte Lesezeit\" \/>\n\t<meta name=\"twitter:data1\" content=\"1\u00a0Minute\" \/>\n<script type=\"application\/ld+json\" class=\"yoast-schema-graph\">{\"@context\":\"https:\\\/\\\/schema.org\",\"@graph\":[{\"@type\":\"WebPage\",\"@id\":\"https:\\\/\\\/galabau-fleischer.de\\\/?page_id=54\",\"url\":\"https:\\\/\\\/galabau-fleischer.de\\\/?page_id=54\",\"name\":\"Umsetzung - Gero Fleischer Garten- und Landschaftsbau\",\"isPartOf\":{\"@id\":\"https:\\\/\\\/galabau-fleischer.de\\\/#website\"},\"datePublished\":\"2021-04-14T09:29:11+00:00\",\"dateModified\":\"2021-07-23T17:55:01+00:00\",\"breadcrumb\":{\"@id\":\"https:\\\/\\\/galabau-fleischer.de\\\/?page_id=54#breadcrumb\"},\"inLanguage\":\"de\",\"potentialAction\":[{\"@type\":\"ReadAction\",\"target\":[\"https:\\\/\\\/galabau-fleischer.de\\\/?page_id=54\"]}]},{\"@type\":\"BreadcrumbList\",\"@id\":\"https:\\\/\\\/galabau-fleischer.de\\\/?page_id=54#breadcrumb\",\"itemListElement\":[{\"@type\":\"ListItem\",\"position\":1,\"name\":\"Startseite\",\"item\":\"https:\\\/\\\/galabau-fleischer.de\\\/\"},{\"@type\":\"ListItem\",\"position\":2,\"name\":\"Umsetzung\"}]},{\"@type\":\"WebSite\",\"@id\":\"https:\\\/\\\/galabau-fleischer.de\\\/#website\",\"url\":\"https:\\\/\\\/galabau-fleischer.de\\\/\",\"name\":\"Gero Fleischer Garten- und Landschaftsbau\",\"description\":\"\",\"publisher\":{\"@id\":\"https:\\\/\\\/galabau-fleischer.de\\\/#organization\"},\"potentialAction\":[{\"@type\":\"SearchAction\",\"target\":{\"@type\":\"EntryPoint\",\"urlTemplate\":\"https:\\\/\\\/galabau-fleischer.de\\\/?s={search_term_string}\"},\"query-input\":{\"@type\":\"PropertyValueSpecification\",\"valueRequired\":true,\"valueName\":\"search_term_string\"}}],\"inLanguage\":\"de\"},{\"@type\":\"Organization\",\"@id\":\"https:\\\/\\\/galabau-fleischer.de\\\/#organization\",\"name\":\"Gero Fleischer Garten- und Landschaftsbau\",\"url\":\"https:\\\/\\\/galabau-fleischer.de\\\/\",\"logo\":{\"@type\":\"ImageObject\",\"inLanguage\":\"de\",\"@id\":\"https:\\\/\\\/galabau-fleischer.de\\\/#\\\/schema\\\/logo\\\/image\\\/\",\"url\":\"https:\\\/\\\/galabau-fleischer.de\\\/wp-content\\\/uploads\\\/2021\\\/04\\\/cropped-Transparent-2.png\",\"contentUrl\":\"https:\\\/\\\/galabau-fleischer.de\\\/wp-content\\\/uploads\\\/2021\\\/04\\\/cropped-Transparent-2.png\",\"width\":2000,\"height\":567,\"caption\":\"Gero Fleischer Garten- und Landschaftsbau\"},\"image\":{\"@id\":\"https:\\\/\\\/galabau-fleischer.de\\\/#\\\/schema\\\/logo\\\/image\\\/\"}}]}<\/script>\n<!-- \/ Yoast SEO plugin. -->","yoast_head_json":{"title":"Umsetzung - Gero Fleischer Garten- und Landschaftsbau","robots":{"index":"index","follow":"follow","max-snippet":"max-snippet:-1","max-image-preview":"max-image-preview:large","max-video-preview":"max-video-preview:-1"},"canonical":"https:\/\/galabau-fleischer.de\/?page_id=54","og_locale":"de_DE","og_type":"article","og_title":"Umsetzung - Gero Fleischer Garten- und Landschaftsbau","og_description":"Ausf\u00fchrung Erdarbeiten verschiedener Arten Abbrucharbeiten Entw\u00e4sserungsarbeiten (Zisternenversetzung usw.) Wege und Terrassenbau Pflasterarbeiten verschiedener Arten (Parkpl\u00e4tze, H\u00f6fe usw.) Natursteinarbeiten Sichtschutz- und Drahtz\u00e4une Poolbau und Teichanlagen Pflanzarbeiten verschiedener Arten Rollrasenverlegung","og_url":"https:\/\/galabau-fleischer.de\/?page_id=54","og_site_name":"Gero Fleischer Garten- und Landschaftsbau","article_modified_time":"2021-07-23T17:55:01+00:00","twitter_card":"summary_large_image","twitter_misc":{"Gesch\u00e4tzte Lesezeit":"1\u00a0Minute"},"schema":{"@context":"https:\/\/schema.org","@graph":[{"@type":"WebPage","@id":"https:\/\/galabau-fleischer.de\/?page_id=54","url":"https:\/\/galabau-fleischer.de\/?page_id=54","name":"Umsetzung - Gero Fleischer Garten- und Landschaftsbau","isPartOf":{"@id":"https:\/\/galabau-fleischer.de\/#website"},"datePublished":"2021-04-14T09:29:11+00:00","dateModified":"2021-07-23T17:55:01+00:00","breadcrumb":{"@id":"https:\/\/galabau-fleischer.de\/?page_id=54#breadcrumb"},"inLanguage":"de","potentialAction":[{"@type":"ReadAction","target":["https:\/\/galabau-fleischer.de\/?page_id=54"]}]},{"@type":"BreadcrumbList","@id":"https:\/\/galabau-fleischer.de\/?page_id=54#breadcrumb","itemListElement":[{"@type":"ListItem","position":1,"name":"Startseite","item":"https:\/\/galabau-fleischer.de\/"},{"@type":"ListItem","position":2,"name":"Umsetzung"}]},{"@type":"WebSite","@id":"https:\/\/galabau-fleischer.de\/#website","url":"https:\/\/galabau-fleischer.de\/","name":"Gero Fleischer Garten- und Landschaftsbau","description":"","publisher":{"@id":"https:\/\/galabau-fleischer.de\/#organization"},"potentialAction":[{"@type":"SearchAction","target":{"@type":"EntryPoint","urlTemplate":"https:\/\/galabau-fleischer.de\/?s={search_term_string}"},"query-input":{"@type":"PropertyValueSpecification","valueRequired":true,"valueName":"search_term_string"}}],"inLanguage":"de"},{"@type":"Organization","@id":"https:\/\/galabau-fleischer.de\/#organization","name":"Gero Fleischer Garten- und Landschaftsbau","url":"https:\/\/galabau-fleischer.de\/","logo":{"@type":"ImageObject","inLanguage":"de","@id":"https:\/\/galabau-fleischer.de\/#\/schema\/logo\/image\/","url":"https:\/\/galabau-fleischer.de\/wp-content\/uploads\/2021\/04\/cropped-Transparent-2.png","contentUrl":"https:\/\/galabau-fleischer.de\/wp-content\/uploads\/2021\/04\/cropped-Transparent-2.png","width":2000,"height":567,"caption":"Gero Fleischer Garten- und Landschaftsbau"},"image":{"@id":"https:\/\/galabau-fleischer.de\/#\/schema\/logo\/image\/"}}]}},"_links":{"self":[{"href":"https:\/\/galabau-fleischer.de\/index.php?rest_route=\/wp\/v2\/pages\/54","targetHints":{"allow":["GET"]}}],"collection":[{"href":"https:\/\/galabau-fleischer.de\/index.php?rest_route=\/wp\/v2\/pages"}],"about":[{"href":"https:\/\/galabau-fleischer.de\/index.php?rest_route=\/wp\/v2\/types\/page"}],"author":[{"embeddable":true,"href":"https:\/\/galabau-fleischer.de\/index.php?rest_route=\/wp\/v2\/users\/1"}],"replies":[{"embeddable":true,"href":"https:\/\/galabau-fleischer.de\/index.php?rest_route=%2Fwp%2Fv2%2Fcomments&post=54"}],"version-history":[{"count":6,"href":"https:\/\/galabau-fleischer.de\/index.php?rest_route=\/wp\/v2\/pages\/54\/revisions"}],"predecessor-version":[{"id":425,"href":"https:\/\/galabau-fleischer.de\/index.php?rest_route=\/wp\/v2\/pages\/54\/revisions\/425"}],"wp:attachment":[{"href":"https:\/\/galabau-fleischer.de\/index.php?rest_route=%2Fwp%2Fv2%2Fmedia&parent=54"}],"curies":[{"name":"wp","href":"https:\/\/api.w.org\/{rel}","templated":true}]}}